{"id":200,"date":"2024-11-25T11:02:56","date_gmt":"2024-11-25T11:02:56","guid":{"rendered":"https:\/\/biblijnytorun.pl\/?page_id=200"},"modified":"2024-11-25T11:12:40","modified_gmt":"2024-11-25T11:12:40","slug":"logowanie","status":"publish","type":"page","link":"https:\/\/biblijnytorun.pl\/index.php\/logowanie\/","title":{"rendered":"Logowanie"},"content":{"rendered":"\t\t<div data-elementor-type=\"wp-page\" data-elementor-id=\"200\" class=\"elementor elementor-200\" data-elementor-post-type=\"page\">\n\t\t\t\t<div class=\"elementor-element elementor-element-7bc498b e-flex e-con-boxed e-con e-parent\" data-id=\"7bc498b\" data-element_type=\"container\">\n\t\t\t\t\t<div class=\"e-con-inner\">\n\t\t<div class=\"elementor-element elementor-element-f26fa1c e-con-full e-flex e-con e-child\" data-id=\"f26fa1c\" data-element_type=\"container\">\n\t\t\t\t<div class=\"elementor-element elementor-element-d8a423b elementor-button-align-stretch jedv-enabled--yes elementor-widget elementor-widget-login\" data-id=\"d8a423b\" data-element_type=\"widget\" data-widget_type=\"login.default\">\n\t\t\t\t\t\t\t<form class=\"elementor-login elementor-form\" method=\"post\" action=\"https:\/\/biblijnytorun.pl\/wp-login.php\">\n\t\t\t<input type=\"hidden\" name=\"redirect_to\" value=\"\/index.php\/wp-json\/wp\/v2\/pages\/200\">\n\t\t\t<div class=\"elementor-form-fields-wrapper\">\n\t\t\t\t<div class=\"elementor-field-type-text elementor-field-group elementor-column elementor-col-100 elementor-field-required\">\n\t\t\t\t\t<label for=\"user-d8a423b\" class=\"elementor-field-label\">Nazwa u\u017cytkownika lub email<\/label>\n\t\t\t\t\t<input size=\"1\" type=\"text\" name=\"log\" id=\"user-d8a423b\" placeholder=\"Nazwa u\u017cytkownika lub email\" class=\"elementor-field elementor-field-textual elementor-size-md\">\n\t\t\t\t<\/div>\n\t\t\t\t<div class=\"elementor-field-type-text elementor-field-group elementor-column elementor-col-100 elementor-field-required\">\n\t\t\t\t\t<label for=\"password-d8a423b\" class=\"elementor-field-label\">Has\u0142o<\/label>\n\t\t\t\t\t<input size=\"1\" type=\"password\" name=\"pwd\" id=\"password-d8a423b\" placeholder=\"Has\u0142o\" class=\"elementor-field elementor-field-textual elementor-size-md\">\n\t\t\t\t<\/div>\n\n\t\t\t\t\t\t\t\t\t<div class=\"elementor-field-type-checkbox elementor-field-group elementor-column elementor-col-100 elementor-remember-me\">\n\t\t\t\t\t\t<label for=\"elementor-login-remember-me\">\n\t\t\t\t\t\t\t<input type=\"checkbox\" id=\"elementor-login-remember-me\" name=\"rememberme\" value=\"forever\">\n\t\t\t\t\t\t\tZapami\u0119taj mnie\t\t\t\t\t\t<\/label>\n\t\t\t\t\t<\/div>\n\t\t\t\t\n\t\t\t\t<div class=\"elementor-field-group elementor-column elementor-field-type-submit elementor-col-100\">\n\t\t\t\t\t<button type=\"submit\" class=\"elementor-size-sm elementor-button\" name=\"wp-submit\">\n\t\t\t\t\t\t\t\t\t\t\t\t\t\t\t<span class=\"elementor-button-text\">Zaloguj<\/span>\n\t\t\t\t\t\t\t\t\t\t\t\t<\/button>\n\t\t\t\t<\/div>\n\n\t\t\t\t\t\t\t\t\t<div class=\"elementor-field-group elementor-column elementor-col-100\">\n\t\t\t\t\t\t\t\t\t\t\t\t\t\t\t\t\t\t\t\t<a class=\"elementor-lost-password\" href=\"https:\/\/biblijnytorun.pl\/wp-login.php?action=lostpassword&redirect_to=%2Findex.php%2Fwp-json%2Fwp%2Fv2%2Fpages%2F200\">\n\t\t\t\t\t\t\t\tZapomnia\u0142e\u015b has\u0142a?\t\t\t\t\t\t\t<\/a>\n\t\t\t\t\t\t\n\t\t\t\t\t\t\t\t\t\t\t<\/div>\n\t\t\t\t\t\t\t<\/div>\n\t\t<\/form>\n\t\t\t\t\t\t<\/div>\n\t\t\t\t<\/div>\n\t\t\t\t\t<\/div>\n\t\t\t\t<\/div>\n\t\t\t\t<\/div>\n\t\t","protected":false},"excerpt":{"rendered":"<p>Jeste\u015b ju\u017c zalogowany Przejd\u017a do strony g\u0142\u00f3wnej lub Wyloguj si\u0119<\/p>\n","protected":false},"author":1,"featured_media":0,"parent":0,"menu_order":0,"comment_status":"closed","ping_status":"closed","template":"","meta":{"footnotes":""},"class_list":["post-200","page","type-page","status-publish","hentry"],"_links":{"self":[{"href":"https:\/\/biblijnytorun.pl\/index.php\/wp-json\/wp\/v2\/pages\/200","targetHints":{"allow":["GET"]}}],"collection":[{"href":"https:\/\/biblijnytorun.pl\/index.php\/wp-json\/wp\/v2\/pages"}],"about":[{"href":"https:\/\/biblijnytorun.pl\/index.php\/wp-json\/wp\/v2\/types\/page"}],"author":[{"embeddable":true,"href":"https:\/\/biblijnytorun.pl\/index.php\/wp-json\/wp\/v2\/users\/1"}],"replies":[{"embeddable":true,"href":"https:\/\/biblijnytorun.pl\/index.php\/wp-json\/wp\/v2\/comments?post=200"}],"version-history":[{"count":13,"href":"https:\/\/biblijnytorun.pl\/index.php\/wp-json\/wp\/v2\/pages\/200\/revisions"}],"predecessor-version":[{"id":213,"href":"https:\/\/biblijnytorun.pl\/index.php\/wp-json\/wp\/v2\/pages\/200\/revisions\/213"}],"wp:attachment":[{"href":"https:\/\/biblijnytorun.pl\/index.php\/wp-json\/wp\/v2\/media?parent=200"}],"curies":[{"name":"wp","href":"https:\/\/api.w.org\/{rel}","templated":true}]}}